{"id":249,"date":"2024-05-02T11:19:38","date_gmt":"2024-05-02T11:19:38","guid":{"rendered":"http:\/\/www.maratonturk.com\/?page_id=249"},"modified":"2025-03-26T17:19:31","modified_gmt":"2025-03-26T17:19:31","slug":"magazin42","status":"publish","type":"page","link":"http:\/\/www.maratonturk.com\/?page_id=249","title":{"rendered":"MaratonT\u00fcrk Magazin (39-51)"},"content":{"rendered":"\n<p class=\"has-luminous-vivid-amber-background-color has-background\" style=\"font-size:30px\"><strong>MaratonT\u00fcrk Spor Dergisi, Mart 2025&#8217;den itibaren yay\u0131n\u0131na ara vermi\u015ftir.<\/strong><\/p>\n\n\n\n<p class=\"has-vivid-red-color has-text-color\" style=\"font-size:30px\"><strong>MaratonT\u00fcrk Sports Magazine has suspended its publication as of March 2025.<\/strong><\/p>\n\n\n\n<p class=\"has-black-color has-text-color\"><strong>2000 y\u0131l\u0131nda Angelfire \u00fczerinde kurulan MaratonT\u00fcrk sitesinin (7 Aral\u0131k 2003&#8217;te maratonturk.com olmu\u015ftur)  2002 y\u0131l\u0131 say\u0131s\u0131.>> https:\/\/www.angelfire.com\/stars\/haberler<\/strong><\/p>\n\n\n\n<p><\/p>\n\n\n\n<p><\/p>\n\n\n\n<figure class=\"wp-block-image size-full is-resized\"><img decoding=\"async\" loading=\"lazy\" src=\"http:\/\/www.maratonturk.com\/wp-content\/uploads\/2025\/02\/image-2.png\" alt=\"\" class=\"wp-image-1306\" width=\"199\" height=\"281\" srcset=\"http:\/\/www.maratonturk.com\/wp-content\/uploads\/2025\/02\/image-2.png 300w, http:\/\/www.maratonturk.com\/wp-content\/uploads\/2025\/02\/image-2-212x300.png 212w\" sizes=\"(max-width: 199px) 100vw, 199px\" \/><\/figure>\n\n\n\n<p>\u015eubat \/ Febuary 2025 &gt;&gt; <a rel=\"noreferrer noopener\" href=\"http:\/\/www.maratonturk.com\/magazin51?fbclid=IwZXh0bgNhZW0CMTAAAR1VdaPX58ZurOszUKn5eRq7lH6ZLKB0Ry2ZncmzExhD_8lZ4cPh2HINLyw_aem_MgyJ0czOA7TVAA1q2QjuGg\" target=\"_blank\"><strong>www.maratonturk.com\/magazin51<\/strong><\/a><\/p>\n\n\n\n<figure class=\"wp-block-image size-full is-resized\"><img decoding=\"async\" loading=\"lazy\" src=\"http:\/\/www.maratonturk.com\/wp-content\/uploads\/2025\/01\/image.png\" alt=\"\" class=\"wp-image-1192\" width=\"202\" height=\"286\" srcset=\"http:\/\/www.maratonturk.com\/wp-content\/uploads\/2025\/01\/image.png 350w, http:\/\/www.maratonturk.com\/wp-content\/uploads\/2025\/01\/image-212x300.png 212w\" sizes=\"(max-width: 202px) 100vw, 202px\" \/><\/figure>\n\n\n\n<p>Ocak \/ January 2025 &gt;&gt; <a rel=\"noreferrer noopener\" href=\"http:\/\/www.maratonturk.com\/magazin50?fbclid=IwZXh0bgNhZW0CMTAAAR2itA0hsLsOmIt48l61KoUMdKOvTJTwRsfUNzhsyPwRBBn-Qfm3ihixwXE_aem_s_-bNoY0CTI3vFGduB7K4Q\" target=\"_blank\">www.maratonturk.com\/magazin50<\/a><\/p>\n\n\n\n<figure class=\"wp-block-image size-full\"><img decoding=\"async\" loading=\"lazy\" width=\"200\" height=\"258\" src=\"http:\/\/www.maratonturk.com\/wp-content\/uploads\/2024\/12\/image.png\" alt=\"\" class=\"wp-image-1162\"\/><\/figure>\n\n\n\n<p>Aral\u0131k \/ December 2024  &gt;&gt; <a rel=\"noreferrer noopener\" href=\"https:\/\/l.facebook.com\/l.php?u=http%3A%2F%2Fwww.maratonturk.com%2Fmagazin49%3Ffbclid%3DIwZXh0bgNhZW0CMTAAAR3yul-5rEq328Kv4ZqpleIFrYDBHKJlvc-oSh-2UAM_0lFRgiFrNUzsHTE_aem_ggqkqnRi_c12MYjSi9pl4g&amp;h=AT3IXg0W69IZq7hHXTIM1Mp5VeX8SIA2g0g1YBQJ-S4IItG1mLwZfy-bwSCmV4K4tWE9PZttrnl6D3XZdoD8vnly4fjqojovx8DEhWsSxMksQqdfo_jJySfsMOV_ld5ldw&amp;__tn__=-UK-R&amp;c[0]=AT0LIhneRXNwCEjy_hQZAMGhp1V_TWYx-Qx0B3GjDn_BpYz9_f2B42gZCf5QgrDpmPPC7W5eiutsNxX_MtUe1G00GjId-nqvbHySx0SegPodOia5f-UMctYFuRrOJOBSA8YSTbmbDIqOhpkGeAnXWMVcWL6tdGez4aixzemEfWQDz7CVeD3O-gNJL_uW0uKXK81GiZgVmEKY2TMTj_gqtI4\" target=\"_blank\">www.maratonturk.com\/magazin49<\/a><\/p>\n\n\n\n<figure class=\"wp-block-image size-full\"><img decoding=\"async\" loading=\"lazy\" width=\"200\" height=\"283\" src=\"http:\/\/www.maratonturk.com\/wp-content\/uploads\/2024\/11\/image.png\" alt=\"\" class=\"wp-image-1107\"\/><\/figure>\n\n\n\n<p>Kas\u0131m \/ November 2024  &gt;&gt; <a rel=\"noreferrer noopener\" href=\"http:\/\/www.maratonturk.com\/magazin48?fbclid=IwZXh0bgNhZW0CMTAAAR1gjzYfbBVZRCeogk1htCBGBg7Mz1IFqFSICL6N93iSv9HdraHoGetk6bA_aem_dfR9xo92A7z_OqUKf1jJgQ\" target=\"_blank\">www.maratonturk.com\/magazin48<\/a><\/p>\n\n\n\n<p><\/p>\n\n\n\n<figure class=\"wp-block-image size-full\"><img decoding=\"async\" loading=\"lazy\" width=\"200\" height=\"259\" src=\"http:\/\/www.maratonturk.com\/wp-content\/uploads\/2024\/10\/image-13.png\" alt=\"\" class=\"wp-image-1051\"\/><\/figure>\n\n\n\n<p>Ekim \/ October 2024 &gt;&gt; <a rel=\"noreferrer noopener\" href=\"https:\/\/l.facebook.com\/l.php?u=http%3A%2F%2Fwww.maratonturk.com%2Fmagazin47%3Ffbclid%3DIwZXh0bgNhZW0CMTAAAR2uQyrs9NKWHtegBm9me_-LXrEQ5yFdQYjqwzZQEwMwXugF8ZW3hJFHokQ_aem_ee9EnAmF37zIf1B0xCgy-w&amp;h=AT0R9pT2haopvYPa3M3zie81XDASniwnQuTp7H-ro3dkPtqwImEAic2h2zEzwoC5HvdW1Yj3ycfg8cItbLO6q3XuRYypNCLaDM4Pn_4oXESRZXRNw0qyCJxZ7flBB0LEUg&amp;__tn__=-UK-R&amp;c[0]=AT0-2e_a8cz6F11RbBWMorO6RKQuWQ9oI3kWioUpgFxXNtJ4CtVtGNXSDm4cloyQL4XW1YI1rwq3Lm-qXY7YXUBcbByl4s4nG_vlgRDvG_yJx5x9wGvylOH7If8vejBL66qmzW1ohjvasPhf7KeJygRbtN9vB01zF1ewBQTGCvX9_3EfveN2Yw\" target=\"_blank\">www.maratonturk.com\/magazin47<\/a><\/p>\n\n\n\n<figure class=\"wp-block-image size-full\"><img decoding=\"async\" loading=\"lazy\" width=\"200\" height=\"259\" src=\"http:\/\/www.maratonturk.com\/wp-content\/uploads\/2024\/09\/image-4.png\" alt=\"\" class=\"wp-image-904\"\/><\/figure>\n\n\n\n<p>Eyl\u00fcl \/ September 2024 &gt;&gt; <a rel=\"noreferrer noopener\" href=\"https:\/\/l.facebook.com\/l.php?u=http%3A%2F%2Fwww.maratonturk.com%2Fmagazin46%3Ffbclid%3DIwZXh0bgNhZW0CMTAAAR3RdtrYNRJlGBjNkV3ns3y6PVa_Lsbx84taGuy0qymHNpD3gDJTp2Zrjrw_aem_KQYcgdYpFHX2u02zF_3l-g&amp;h=AT1vNH00Fspfk0VSHTHD0MqzxUZ3ctgFaLvofurvpuHXCC5JHpiVlkUvWYRmO80AquIbHLRWhAFdojKRuPfiYk8sSz7-LCq7z5AkWDqVtVeb8uaJZyHt48nsw2y78KVM6A&amp;__tn__=-UK-R&amp;c[0]=AT0GDx1ujxElZbL5tbACHMHpgHcpGMr3kFVRH2qP3J5dI6L7mYeuMcF7y1mx6k5m1ml2yRmDzO50J58y7gMRLaaIoPSVr_K1EKoHAoKfI6_0WsNRzW536uEXmO_4eCscLCqLtijjAQ2vs7thN76EvJ2vF91vvKdxLe8CC5WG6NTzSJsMK1p1PA\" target=\"_blank\">www.maratonturk.com\/magazin46<\/a><\/p>\n\n\n\n<figure class=\"wp-block-image size-full\"><img decoding=\"async\" loading=\"lazy\" width=\"200\" height=\"283\" src=\"http:\/\/www.maratonturk.com\/wp-content\/uploads\/2024\/08\/image-2.png\" alt=\"\" class=\"wp-image-857\"\/><\/figure>\n\n\n\n<p>A\u011fustos \/ August 2024 &gt;&gt; <a rel=\"noreferrer noopener\" href=\"http:\/\/www.maratonturk.com\/magazin45?fbclid=IwZXh0bgNhZW0CMTAAAR17DaW-jm73Rn_pwOdevsLWZBE6cJs9pPp9Nu2wACgVX8IjXQmC5TwG_Jk_aem_AEmlXYIg8HdJtIEWxSLUng\" target=\"_blank\">www.maratonturk.com\/magazin45<\/a><\/p>\n\n\n\n<p>&#8230;&#8230;&#8230;&#8230;&#8230;&#8230;&#8230;&#8230;&#8230;&#8230;&#8230;&#8230;&#8230;&#8230;&#8230;&#8230;&#8230;&#8230;&#8230;&#8230;&#8230;&#8230;&#8230;&#8230;&#8230;&#8230;&#8230;&#8230;&#8230;&#8230;&#8230;&#8230;&#8230;&#8230;&#8230;&#8230;&#8230;&#8230;&#8230;&#8230;&#8230;&#8230;&#8230;&#8230;&#8230;&#8230;&#8230;&#8230;&#8230;&#8230;&#8230;&#8230;&#8230;&#8230;&#8230;&#8230;&#8230;&#8230;&#8230;&#8230;&#8230;<\/p>\n\n\n\n<p class=\"has-vivid-red-color has-text-color\"><\/p>\n\n\n\n<figure class=\"wp-block-image size-full\"><img decoding=\"async\" loading=\"lazy\" width=\"200\" height=\"283\" src=\"http:\/\/www.maratonturk.com\/wp-content\/uploads\/2024\/07\/image.png\" alt=\"\" class=\"wp-image-666\"\/><\/figure>\n\n\n\n<p>Temmuz \/ July 2024 &gt;&gt;&nbsp;<a rel=\"noreferrer noopener\" href=\"http:\/\/www.maratonturk.com\/magazin44?fbclid=IwZXh0bgNhZW0CMTAAAR0zx-MfxIiBhSSQHHPdG63u6lcGL_DZXAu7p_1lqmhrbG87liSoXfhcQ2o_aem_3yAH74_3jjJT5LQefr425w\" target=\"_blank\">www.maratonturk.com\/magazin44<\/a><\/p>\n\n\n\n<p>&#8212;&#8212;&#8212;&#8212;&#8212;&#8212;&#8212;&#8212;&#8212;&#8212;&#8212;&#8212;&#8212;&#8212;&#8212;&#8212;&#8212;&#8212;&#8212;&#8212;&#8212;&#8212;&#8212;&#8212;<\/p>\n\n\n\n<figure class=\"wp-block-image size-full\"><img decoding=\"async\" loading=\"lazy\" width=\"200\" height=\"283\" src=\"http:\/\/www.maratonturk.com\/wp-content\/uploads\/2024\/05\/image-26.png\" alt=\"\" class=\"wp-image-456\"\/><\/figure>\n\n\n\n<p>Haziran \/ June 2024 &gt;&gt;&nbsp;<a rel=\"noreferrer noopener\" href=\"http:\/\/www.maratonturk.com\/magazin43\" target=\"_blank\">www.maratonturk.com\/magazin43<\/a><\/p>\n\n\n\n<p>&#8212;&#8212;&#8212;&#8212;&#8212;&#8212;&#8212;&#8212;&#8212;&#8212;&#8212;&#8212;&#8212;&#8212;&#8212;&#8212;&#8212;&#8212;&#8212;&#8212;&#8212;&#8212;&#8212;&#8212;<\/p>\n\n\n\n<p><\/p>\n\n\n\n<figure class=\"wp-block-image size-full\"><img decoding=\"async\" loading=\"lazy\" width=\"200\" height=\"283\" src=\"http:\/\/www.maratonturk.com\/wp-content\/uploads\/2024\/05\/image.png\" alt=\"\" class=\"wp-image-250\"\/><\/figure>\n\n\n\n<p>May\u0131s \/ May 2024, &gt;&gt; <a rel=\"noreferrer noopener\" href=\"http:\/\/www.maratonturk.com\/magazin42?fbclid=IwZXh0bgNhZW0CMTAAAR35jZMWvCS-2Q2hI9PCwJPDAU9kdUrkycWHxi7DGkzhv1rq6BupzpoPMb4_aem_AebWhD0hmu4VgbfbErQZ72W_AA4Lmyxz3113vjmpMdYj9Z5YlQOuxHB6PT0oNlVM4vWn6Q1Z7tiCT8QZbe0kEeak\" target=\"_blank\">www.maratonturk.com\/magazin42<\/a><\/p>\n\n\n\n<p>&#8212;&#8212;&#8212;&#8212;&#8212;&#8212;&#8212;&#8212;&#8212;&#8212;&#8212;&#8212;&#8212;&#8212;&#8212;&#8212;&#8212;&#8212;&#8212;&#8212;&#8212;<\/p>\n\n\n\n<figure class=\"wp-block-image size-full\"><img decoding=\"async\" loading=\"lazy\" width=\"200\" height=\"258\" src=\"http:\/\/www.maratonturk.com\/wp-content\/uploads\/2024\/05\/image-10.png\" alt=\"\" class=\"wp-image-311\"\/><\/figure>\n\n\n\n<p>Nisan \/ April 2024, &gt;&gt; www.maratonturk.com\/magazin41<\/p>\n\n\n\n<p>&#8212;&#8212;&#8212;&#8212;&#8212;&#8212;&#8212;&#8212;&#8212;&#8212;&#8212;&#8212;&#8212;&#8212;&#8212;&#8212;&#8212;&#8212;&#8212;&#8212;&#8212;<\/p>\n\n\n\n<figure class=\"wp-block-image size-full\"><img decoding=\"async\" loading=\"lazy\" width=\"200\" height=\"283\" src=\"http:\/\/www.maratonturk.com\/wp-content\/uploads\/2024\/05\/image-11.png\" alt=\"\" class=\"wp-image-312\"\/><\/figure>\n\n\n\n<p>Mart \/ March 2024, &gt;&gt; www.maratonturk.com\/magazin40<\/p>\n\n\n\n<p>&#8212;&#8212;&#8212;&#8212;&#8212;&#8212;&#8212;&#8212;&#8212;&#8212;&#8212;&#8212;&#8212;&#8212;&#8212;&#8212;&#8212;&#8212;&#8212;&#8212;&#8212;<\/p>\n\n\n\n<figure class=\"wp-block-image size-full\"><img decoding=\"async\" loading=\"lazy\" width=\"200\" height=\"283\" src=\"http:\/\/www.maratonturk.com\/wp-content\/uploads\/2024\/05\/image-12.png\" alt=\"\" class=\"wp-image-313\"\/><\/figure>\n\n\n\n<p>\u015eubat \/ February 2024, &gt;&gt; www.maratonturk.com\/magazin39<\/p>\n\n\n\n<hr class=\"wp-block-separator has-alpha-channel-opacity\"\/>\n\n\n<div class=\"wp-block-image\">\n<figure class=\"aligncenter size-full\"><img decoding=\"async\" loading=\"lazy\" width=\"539\" height=\"655\" src=\"http:\/\/www.maratonturk.com\/wp-content\/uploads\/2024\/05\/image-25.png\" alt=\"\" class=\"wp-image-445\" srcset=\"http:\/\/www.maratonturk.com\/wp-content\/uploads\/2024\/05\/image-25.png 539w, http:\/\/www.maratonturk.com\/wp-content\/uploads\/2024\/05\/image-25-247x300.png 247w\" sizes=\"(max-width: 539px) 100vw, 539px\" \/><figcaption class=\"wp-element-caption\"><strong>MaratonT\u00fcrk Haber Sitemizin Bas\u0131n Savc\u0131l\u0131\u011f\u0131 Tescil Belgesi<\/strong><\/figcaption><\/figure><\/div>\n\n\n<p><\/p>\n\n\n\n<p><\/p>\n\n\n\n<p><\/p>\n\n\n\n<p><\/p>\n","protected":false},"excerpt":{"rendered":"<p>MaratonT\u00fcrk Spor Dergisi, Mart 2025&#8217;den itibaren yay\u0131n\u0131na ara vermi\u015ftir. MaratonT\u00fcrk Sports Magazine has suspended its publication as of March 2025. 2000 y\u0131l\u0131nda Angelfire \u00fczerinde kurulan<\/p>\n","protected":false},"author":1,"featured_media":0,"parent":0,"menu_order":0,"comment_status":"closed","ping_status":"closed","template":"","meta":[],"_links":{"self":[{"href":"http:\/\/www.maratonturk.com\/index.php?rest_route=\/wp\/v2\/pages\/249"}],"collection":[{"href":"http:\/\/www.maratonturk.com\/index.php?rest_route=\/wp\/v2\/pages"}],"about":[{"href":"http:\/\/www.maratonturk.com\/index.php?rest_route=\/wp\/v2\/types\/page"}],"author":[{"embeddable":true,"href":"http:\/\/www.maratonturk.com\/index.php?rest_route=\/wp\/v2\/users\/1"}],"replies":[{"embeddable":true,"href":"http:\/\/www.maratonturk.com\/index.php?rest_route=%2Fwp%2Fv2%2Fcomments&post=249"}],"version-history":[{"count":31,"href":"http:\/\/www.maratonturk.com\/index.php?rest_route=\/wp\/v2\/pages\/249\/revisions"}],"predecessor-version":[{"id":1409,"href":"http:\/\/www.maratonturk.com\/index.php?rest_route=\/wp\/v2\/pages\/249\/revisions\/1409"}],"wp:attachment":[{"href":"http:\/\/www.maratonturk.com\/index.php?rest_route=%2Fwp%2Fv2%2Fmedia&parent=249"}],"curies":[{"name":"wp","href":"https:\/\/api.w.org\/{rel}","templated":true}]}}