{"id":1522,"date":"2025-04-28T12:31:02","date_gmt":"2025-04-28T12:31:02","guid":{"rendered":"http:\/\/www.maratonturk.com\/?page_id=1522"},"modified":"2025-06-29T16:07:33","modified_gmt":"2025-06-29T16:07:33","slug":"kunye-editorial","status":"publish","type":"page","link":"http:\/\/www.maratonturk.com\/?page_id=1522","title":{"rendered":"K\u00fcnye \/ Editorial"},"content":{"rendered":"\n<p class=\"has-text-align-center has-large-font-size\"><strong>MaratonT\u00fcrk<\/strong><\/p>\n\n\n\n<p class=\"has-text-align-center\">2000 &#8211; 2025<\/p>\n\n\n\n<p class=\"has-text-align-center\">maratonturk.com<\/p>\n\n\n\n<p class=\"has-text-align-center\">OAT Medya yay\u0131n\u0131d\u0131r. \u00dcsk\u00fcdar -\u0130stanbul<\/p>\n\n\n\n<p class=\"has-text-align-center\">\u00dcsk\u00fcdar VD, 8350231888<\/p>\n\n\n\n<p class=\"has-text-align-center\">Genel Koordinat\u00f6r (General Coordinator):  <strong>Elk.M\u00fch.Osman Atakan Tekin<\/strong><\/p>\n\n\n\n<p class=\"has-text-align-center\">                                     Genel Yay\u0131n Y\u00f6netmeni (Editor-in-Chief): <strong>Atakan Divitlio\u011flu<\/strong><\/p>\n\n\n\n<p class=\"has-text-align-center\">Edit\u00f6r: <strong>Rag\u0131p Tekin<\/strong><\/p>\n\n\n\n<p class=\"has-text-align-center\">Foto\u011fraf Edit\u00f6r\u00fc (Photo Editor):  <strong>Deniz \u00c7o\u015fkun<\/strong><\/p>\n\n\n\n<p class=\"has-text-align-center\"><\/p>\n\n\n\n<p class=\"has-text-align-center\">Sitemiz \u0130stanbul Anadolu Bas\u0131n Savc\u0131l\u0131\u011f\u0131na kay\u0131tl\u0131d\u0131r.<\/p>\n\n\n\n<p><\/p>\n\n\n\n<p><\/p>\n\n\n\n<p><\/p>\n\n\n\n<p><\/p>\n\n\n\n<p><\/p>\n\n\n\n<p><\/p>\n\n\n\n<p><\/p>\n\n\n\n<p><\/p>\n","protected":false},"excerpt":{"rendered":"<p>MaratonT\u00fcrk 2000 &#8211; 2025 maratonturk.com OAT Medya yay\u0131n\u0131d\u0131r. \u00dcsk\u00fcdar -\u0130stanbul \u00dcsk\u00fcdar VD, 8350231888 Genel Koordinat\u00f6r (General Coordinator): Elk.M\u00fch.Osman Atakan Tekin Genel Yay\u0131n Y\u00f6netmeni (Editor-in-Chief): Atakan<\/p>\n","protected":false},"author":1,"featured_media":0,"parent":0,"menu_order":0,"comment_status":"closed","ping_status":"closed","template":"","meta":[],"_links":{"self":[{"href":"http:\/\/www.maratonturk.com\/index.php?rest_route=\/wp\/v2\/pages\/1522"}],"collection":[{"href":"http:\/\/www.maratonturk.com\/index.php?rest_route=\/wp\/v2\/pages"}],"about":[{"href":"http:\/\/www.maratonturk.com\/index.php?rest_route=\/wp\/v2\/types\/page"}],"author":[{"embeddable":true,"href":"http:\/\/www.maratonturk.com\/index.php?rest_route=\/wp\/v2\/users\/1"}],"replies":[{"embeddable":true,"href":"http:\/\/www.maratonturk.com\/index.php?rest_route=%2Fwp%2Fv2%2Fcomments&post=1522"}],"version-history":[{"count":12,"href":"http:\/\/www.maratonturk.com\/index.php?rest_route=\/wp\/v2\/pages\/1522\/revisions"}],"predecessor-version":[{"id":1619,"href":"http:\/\/www.maratonturk.com\/index.php?rest_route=\/wp\/v2\/pages\/1522\/revisions\/1619"}],"wp:attachment":[{"href":"http:\/\/www.maratonturk.com\/index.php?rest_route=%2Fwp%2Fv2%2Fmedia&parent=1522"}],"curies":[{"name":"wp","href":"https:\/\/api.w.org\/{rel}","templated":true}]}}